{"id":1322,"date":"2024-08-04T08:58:29","date_gmt":"2024-08-04T08:58:29","guid":{"rendered":"https:\/\/uggabuggaslot.com\/?page_id=1322"},"modified":"2024-08-04T09:08:41","modified_gmt":"2024-08-04T09:08:41","slug":"about-us","status":"publish","type":"page","link":"https:\/\/uggabuggaslot.com\/de\/about-us\/","title":{"rendered":"\u00dcber uns"},"content":{"rendered":"<div data-elementor-type=\"wp-page\" data-elementor-id=\"1322\" class=\"elementor elementor-1322\">\n\t\t\t\t<div class=\"elementor-element elementor-element-ba299af e-flex e-con-boxed e-con e-parent\" data-id=\"ba299af\" data-element_type=\"container\" data-e-type=\"container\">\n\t\t\t\t\t<div class=\"e-con-inner\">\n\t\t\t\t<div class=\"elementor-element elementor-element-6e381cc elementor-widget elementor-widget-spacer\" data-id=\"6e381cc\" data-element_type=\"widget\" data-e-type=\"widget\" data-widget_type=\"spacer.default\">\n\t\t\t\t<div class=\"elementor-widget-container\">\n\t\t\t\t\t\t\t<div class=\"elementor-spacer\">\n\t\t\t<div class=\"elementor-spacer-inner\"><\/div>\n\t\t<\/div>\n\t\t\t\t\t\t<\/div>\n\t\t\t\t<\/div>\n\t\t\t\t\t<\/div>\n\t\t\t\t<\/div>\n\t\t<div class=\"elementor-element elementor-element-d381f47 e-flex e-con-boxed e-con e-parent\" data-id=\"d381f47\" data-element_type=\"container\" data-e-type=\"container\">\n\t\t\t\t\t<div class=\"e-con-inner\">\n\t\t<div class=\"elementor-element elementor-element-b27e30b e-con-full e-flex e-con e-child\" data-id=\"b27e30b\" data-element_type=\"container\" data-e-type=\"container\">\n\t\t\t\t<div class=\"elementor-element elementor-element-0d03f2d elementor-widget elementor-widget-heading\" data-id=\"0d03f2d\" data-element_type=\"widget\" data-e-type=\"widget\" data-widget_type=\"heading.default\">\n\t\t\t\t<div class=\"elementor-widget-container\">\n\t\t\t\t\t<h1 class=\"elementor-heading-title elementor-size-default\">\u00dcber uns<\/h1>\t\t\t\t<\/div>\n\t\t\t\t<\/div>\n\t\t\t\t<div class=\"elementor-element elementor-element-9df59e4 elementor-widget elementor-widget-text-editor\" data-id=\"9df59e4\" data-element_type=\"widget\" data-e-type=\"widget\" data-widget_type=\"text-editor.default\">\n\t\t\t\t<div class=\"elementor-widget-container\">\n\t\t\t\t\t\t\t\t\t<p>Willkommen bei uggabuggaslot.com - Ihrem ultimativen Ziel f\u00fcr alles, was mit dem aufregenden Ugga Bugga Spielautomaten und anderen beliebten Online-Casino-Angeboten zu tun hat. Unsere Leidenschaft ist es, umfassende Bewertungen, wertvolle Tipps und aktuelle Informationen \u00fcber die aufregende Welt der Online-Slots zu liefern.<br><br>Bei uggabuggaslot.com setzen wir uns f\u00fcr unterhaltsame, faire und verantwortungsvolle Online-Spiele ein. Unser Ziel ist es, sichere Spielpraktiken zu f\u00f6rdern und gleichzeitig genaue, aktuelle Informationen \u00fcber Ugga Bugga und andere spannende Slot-Spiele zu liefern.<br>Unser Team besteht aus erfahrenen Fachleuten mit umfassenden Kenntnissen der Online-Gl\u00fccksspielbranche. Wir verpflichten uns, unvoreingenommene, ausf\u00fchrliche Bewertungen von Ugga Bugga sowie praktische Strategien zu liefern, um Ihr Spielerlebnis zu verbessern und Ihre Gewinnchancen zu erh\u00f6hen.<br><br>Transparenz und Integrit\u00e4t sind die S\u00e4ulen unserer Werte. Wir sind stolz darauf, unvoreingenommene Bewertungen von Ugga Bugga und anderen Spielen anzubieten, die es den Spielern erm\u00f6glichen, fundierte Entscheidungen auf der Grundlage zuverl\u00e4ssiger Informationen zu treffen.<br>Da wir die Schnelllebigkeit des Online-Gl\u00fccksspiels erkannt haben, halten wir Sie mit den neuesten Nachrichten, Entwicklungen und Trends in Bezug auf Ugga Bugga und die breitere Spielautomatenlandschaft auf dem Laufenden. Unsere Seite ist Ihre zuverl\u00e4ssige Quelle, um in dieser dynamischen Branche auf dem Laufenden zu bleiben.<br>Vielen Dank, dass Sie uggabuggaslot.com als Ihren F\u00fchrer durch die Welt von Ugga Bugga und dar\u00fcber hinaus gew\u00e4hlt haben. Wir haben es uns zur Aufgabe gemacht, Ihnen die Einblicke und Informationen zu geben, die Sie ben\u00f6tigen, um Ihre Online-Slot-Abenteuer zu maximieren.<\/p>\t\t\t\t\t\t\t\t<\/div>\n\t\t\t\t<\/div>\n\t\t\t\t<\/div>\n\t\t\t\t\t<\/div>\n\t\t\t\t<\/div>\n\t\t\t\t<\/div>","protected":false},"excerpt":{"rendered":"<p>\u00dcber uns Willkommen bei uggabuggaslot.com - Ihrer ultimativen Anlaufstelle f\u00fcr alles, was mit dem aufregenden Ugga Bugga Spielautomaten und anderen beliebten Online Casino Angeboten zu tun hat. Unsere Leidenschaft ist es, umfassende Bewertungen, wertvolle Tipps und aktuelle Informationen \u00fcber die aufregende Welt der Online-Slots zu liefern. Bei uggabuggaslot.com setzen wir uns f\u00fcr unterhaltsame, faire und verantwortungsvolle Online-Spiele ein. Unsere [...]<\/p>","protected":false},"author":1,"featured_media":1224,"parent":0,"menu_order":0,"comment_status":"closed","ping_status":"closed","template":"","meta":{"footnotes":""},"class_list":["post-1322","page","type-page","status-publish","has-post-thumbnail","hentry"],"blocksy_meta":{"has_hero_section":"disabled","styles_descriptor":{"styles":{"desktop":"","tablet":"","mobile":""},"google_fonts":[],"version":6}},"yoast_head":"<!-- This site is optimized with the Yoast SEO plugin v27.5 - https:\/\/yoast.com\/product\/yoast-seo-wordpress\/ -->\n<title>About us - UggaBugga Slot<\/title>\n<meta name=\"description\" content=\"Learn more about UggaBugga Slot!\" \/>\n<meta name=\"robots\" content=\"index, follow, max-snippet:-1, max-image-preview:large, max-video-preview:-1\" \/>\n<link rel=\"canonical\" href=\"https:\/\/uggabuggaslot.com\/de\/about-us\/\" \/>\n<meta property=\"og:locale\" content=\"de_DE\" \/>\n<meta property=\"og:type\" content=\"article\" \/>\n<meta property=\"og:title\" content=\"About us - UggaBugga Slot\" \/>\n<meta property=\"og:description\" content=\"Learn more about UggaBugga Slot!\" \/>\n<meta property=\"og:url\" content=\"https:\/\/uggabuggaslot.com\/de\/about-us\/\" \/>\n<meta property=\"og:site_name\" content=\"UggaBugga Slot\" \/>\n<meta property=\"article:modified_time\" content=\"2024-08-04T09:08:41+00:00\" \/>\n<meta property=\"og:image\" content=\"https:\/\/uggabuggaslot.com\/wp-content\/uploads\/2024\/07\/unnamed.png\" \/>\n\t<meta property=\"og:image:width\" content=\"1024\" \/>\n\t<meta property=\"og:image:height\" content=\"1024\" \/>\n\t<meta property=\"og:image:type\" content=\"image\/png\" \/>\n<meta name=\"twitter:card\" content=\"summary_large_image\" \/>\n<meta name=\"twitter:label1\" content=\"Gesch\u00e4tzte Lesezeit\" \/>\n\t<meta name=\"twitter:data1\" content=\"1\u00a0Minute\" \/>\n<script type=\"application\/ld+json\" class=\"yoast-schema-graph\">{\"@context\":\"https:\\\/\\\/schema.org\",\"@graph\":[{\"@type\":\"WebPage\",\"@id\":\"https:\\\/\\\/uggabuggaslot.com\\\/about-us\\\/\",\"url\":\"https:\\\/\\\/uggabuggaslot.com\\\/about-us\\\/\",\"name\":\"About us - UggaBugga Slot\",\"isPartOf\":{\"@id\":\"https:\\\/\\\/uggabuggaslot.com\\\/#website\"},\"primaryImageOfPage\":{\"@id\":\"https:\\\/\\\/uggabuggaslot.com\\\/about-us\\\/#primaryimage\"},\"image\":{\"@id\":\"https:\\\/\\\/uggabuggaslot.com\\\/about-us\\\/#primaryimage\"},\"thumbnailUrl\":\"https:\\\/\\\/uggabuggaslot.com\\\/wp-content\\\/uploads\\\/2024\\\/07\\\/unnamed.png\",\"datePublished\":\"2024-08-04T08:58:29+00:00\",\"dateModified\":\"2024-08-04T09:08:41+00:00\",\"description\":\"Learn more about UggaBugga Slot!\",\"breadcrumb\":{\"@id\":\"https:\\\/\\\/uggabuggaslot.com\\\/about-us\\\/#breadcrumb\"},\"inLanguage\":\"de\",\"potentialAction\":[{\"@type\":\"ReadAction\",\"target\":[\"https:\\\/\\\/uggabuggaslot.com\\\/about-us\\\/\"]}]},{\"@type\":\"ImageObject\",\"inLanguage\":\"de\",\"@id\":\"https:\\\/\\\/uggabuggaslot.com\\\/about-us\\\/#primaryimage\",\"url\":\"https:\\\/\\\/uggabuggaslot.com\\\/wp-content\\\/uploads\\\/2024\\\/07\\\/unnamed.png\",\"contentUrl\":\"https:\\\/\\\/uggabuggaslot.com\\\/wp-content\\\/uploads\\\/2024\\\/07\\\/unnamed.png\",\"width\":1024,\"height\":1024},{\"@type\":\"BreadcrumbList\",\"@id\":\"https:\\\/\\\/uggabuggaslot.com\\\/about-us\\\/#breadcrumb\",\"itemListElement\":[{\"@type\":\"ListItem\",\"position\":1,\"name\":\"Home\",\"item\":\"https:\\\/\\\/uggabuggaslot.com\\\/\"},{\"@type\":\"ListItem\",\"position\":2,\"name\":\"About us\"}]},{\"@type\":\"WebSite\",\"@id\":\"https:\\\/\\\/uggabuggaslot.com\\\/#website\",\"url\":\"https:\\\/\\\/uggabuggaslot.com\\\/\",\"name\":\"UggaBugga Slot\",\"description\":\"\",\"publisher\":{\"@id\":\"https:\\\/\\\/uggabuggaslot.com\\\/#organization\"},\"potentialAction\":[{\"@type\":\"SearchAction\",\"target\":{\"@type\":\"EntryPoint\",\"urlTemplate\":\"https:\\\/\\\/uggabuggaslot.com\\\/?s={search_term_string}\"},\"query-input\":{\"@type\":\"PropertyValueSpecification\",\"valueRequired\":true,\"valueName\":\"search_term_string\"}}],\"inLanguage\":\"de\"},{\"@type\":\"Organization\",\"@id\":\"https:\\\/\\\/uggabuggaslot.com\\\/#organization\",\"name\":\"UggaBugga Slot\",\"url\":\"https:\\\/\\\/uggabuggaslot.com\\\/\",\"logo\":{\"@type\":\"ImageObject\",\"inLanguage\":\"de\",\"@id\":\"https:\\\/\\\/uggabuggaslot.com\\\/#\\\/schema\\\/logo\\\/image\\\/\",\"url\":\"https:\\\/\\\/uggabuggaslot.com\\\/wp-content\\\/uploads\\\/2024\\\/07\\\/86f634a4-75e8-4bbb-be51-9defe5c33dad.png\",\"contentUrl\":\"https:\\\/\\\/uggabuggaslot.com\\\/wp-content\\\/uploads\\\/2024\\\/07\\\/86f634a4-75e8-4bbb-be51-9defe5c33dad.png\",\"width\":1024,\"height\":1024,\"caption\":\"UggaBugga Slot\"},\"image\":{\"@id\":\"https:\\\/\\\/uggabuggaslot.com\\\/#\\\/schema\\\/logo\\\/image\\\/\"}}]}<\/script>\n<!-- \/ Yoast SEO plugin. -->","yoast_head_json":{"title":"About us - UggaBugga Slot","description":"Learn more about UggaBugga Slot!","robots":{"index":"index","follow":"follow","max-snippet":"max-snippet:-1","max-image-preview":"max-image-preview:large","max-video-preview":"max-video-preview:-1"},"canonical":"https:\/\/uggabuggaslot.com\/de\/about-us\/","og_locale":"de_DE","og_type":"article","og_title":"About us - UggaBugga Slot","og_description":"Learn more about UggaBugga Slot!","og_url":"https:\/\/uggabuggaslot.com\/de\/about-us\/","og_site_name":"UggaBugga Slot","article_modified_time":"2024-08-04T09:08:41+00:00","og_image":[{"width":1024,"height":1024,"url":"https:\/\/uggabuggaslot.com\/wp-content\/uploads\/2024\/07\/unnamed.png","type":"image\/png"}],"twitter_card":"summary_large_image","twitter_misc":{"Gesch\u00e4tzte Lesezeit":"1\u00a0Minute"},"schema":{"@context":"https:\/\/schema.org","@graph":[{"@type":"WebPage","@id":"https:\/\/uggabuggaslot.com\/about-us\/","url":"https:\/\/uggabuggaslot.com\/about-us\/","name":"About us - UggaBugga Slot","isPartOf":{"@id":"https:\/\/uggabuggaslot.com\/#website"},"primaryImageOfPage":{"@id":"https:\/\/uggabuggaslot.com\/about-us\/#primaryimage"},"image":{"@id":"https:\/\/uggabuggaslot.com\/about-us\/#primaryimage"},"thumbnailUrl":"https:\/\/uggabuggaslot.com\/wp-content\/uploads\/2024\/07\/unnamed.png","datePublished":"2024-08-04T08:58:29+00:00","dateModified":"2024-08-04T09:08:41+00:00","description":"Learn more about UggaBugga Slot!","breadcrumb":{"@id":"https:\/\/uggabuggaslot.com\/about-us\/#breadcrumb"},"inLanguage":"de","potentialAction":[{"@type":"ReadAction","target":["https:\/\/uggabuggaslot.com\/about-us\/"]}]},{"@type":"ImageObject","inLanguage":"de","@id":"https:\/\/uggabuggaslot.com\/about-us\/#primaryimage","url":"https:\/\/uggabuggaslot.com\/wp-content\/uploads\/2024\/07\/unnamed.png","contentUrl":"https:\/\/uggabuggaslot.com\/wp-content\/uploads\/2024\/07\/unnamed.png","width":1024,"height":1024},{"@type":"BreadcrumbList","@id":"https:\/\/uggabuggaslot.com\/about-us\/#breadcrumb","itemListElement":[{"@type":"ListItem","position":1,"name":"Home","item":"https:\/\/uggabuggaslot.com\/"},{"@type":"ListItem","position":2,"name":"About us"}]},{"@type":"WebSite","@id":"https:\/\/uggabuggaslot.com\/#website","url":"https:\/\/uggabuggaslot.com\/","name":"UggaBugga Slot","description":"","publisher":{"@id":"https:\/\/uggabuggaslot.com\/#organization"},"potentialAction":[{"@type":"SearchAction","target":{"@type":"EntryPoint","urlTemplate":"https:\/\/uggabuggaslot.com\/?s={search_term_string}"},"query-input":{"@type":"PropertyValueSpecification","valueRequired":true,"valueName":"search_term_string"}}],"inLanguage":"de"},{"@type":"Organization","@id":"https:\/\/uggabuggaslot.com\/#organization","name":"UggaBugga Slot","url":"https:\/\/uggabuggaslot.com\/","logo":{"@type":"ImageObject","inLanguage":"de","@id":"https:\/\/uggabuggaslot.com\/#\/schema\/logo\/image\/","url":"https:\/\/uggabuggaslot.com\/wp-content\/uploads\/2024\/07\/86f634a4-75e8-4bbb-be51-9defe5c33dad.png","contentUrl":"https:\/\/uggabuggaslot.com\/wp-content\/uploads\/2024\/07\/86f634a4-75e8-4bbb-be51-9defe5c33dad.png","width":1024,"height":1024,"caption":"UggaBugga Slot"},"image":{"@id":"https:\/\/uggabuggaslot.com\/#\/schema\/logo\/image\/"}}]}},"_links":{"self":[{"href":"https:\/\/uggabuggaslot.com\/de\/wp-json\/wp\/v2\/pages\/1322","targetHints":{"allow":["GET"]}}],"collection":[{"href":"https:\/\/uggabuggaslot.com\/de\/wp-json\/wp\/v2\/pages"}],"about":[{"href":"https:\/\/uggabuggaslot.com\/de\/wp-json\/wp\/v2\/types\/page"}],"author":[{"embeddable":true,"href":"https:\/\/uggabuggaslot.com\/de\/wp-json\/wp\/v2\/users\/1"}],"replies":[{"embeddable":true,"href":"https:\/\/uggabuggaslot.com\/de\/wp-json\/wp\/v2\/comments?post=1322"}],"version-history":[{"count":14,"href":"https:\/\/uggabuggaslot.com\/de\/wp-json\/wp\/v2\/pages\/1322\/revisions"}],"predecessor-version":[{"id":1349,"href":"https:\/\/uggabuggaslot.com\/de\/wp-json\/wp\/v2\/pages\/1322\/revisions\/1349"}],"wp:featuredmedia":[{"embeddable":true,"href":"https:\/\/uggabuggaslot.com\/de\/wp-json\/wp\/v2\/media\/1224"}],"wp:attachment":[{"href":"https:\/\/uggabuggaslot.com\/de\/wp-json\/wp\/v2\/media?parent=1322"}],"curies":[{"name":"wp","href":"https:\/\/api.w.org\/{rel}","templated":true}]}}