{"id":1347,"date":"2024-08-04T09:18:05","date_gmt":"2024-08-04T09:18:05","guid":{"rendered":"https:\/\/uggabuggaslot.com\/?page_id=1347"},"modified":"2024-08-04T09:25:09","modified_gmt":"2024-08-04T09:25:09","slug":"contact-us","status":"publish","type":"page","link":"https:\/\/uggabuggaslot.com\/de\/contact-us\/","title":{"rendered":"Kontakt"},"content":{"rendered":"<div data-elementor-type=\"wp-page\" data-elementor-id=\"1347\" class=\"elementor elementor-1347\">\n\t\t\t\t<div class=\"elementor-element elementor-element-f533dc8 e-flex e-con-boxed e-con e-parent\" data-id=\"f533dc8\" data-element_type=\"container\" data-e-type=\"container\">\n\t\t\t\t\t<div class=\"e-con-inner\">\n\t\t\t\t<div class=\"elementor-element elementor-element-2dc224e elementor-widget elementor-widget-spacer\" data-id=\"2dc224e\" data-element_type=\"widget\" data-e-type=\"widget\" data-widget_type=\"spacer.default\">\n\t\t\t\t<div class=\"elementor-widget-container\">\n\t\t\t\t\t\t\t<div class=\"elementor-spacer\">\n\t\t\t<div class=\"elementor-spacer-inner\"><\/div>\n\t\t<\/div>\n\t\t\t\t\t\t<\/div>\n\t\t\t\t<\/div>\n\t\t\t\t\t<\/div>\n\t\t\t\t<\/div>\n\t\t<div class=\"elementor-element elementor-element-621c978 e-flex e-con-boxed e-con e-parent\" data-id=\"621c978\" data-element_type=\"container\" data-e-type=\"container\">\n\t\t\t\t\t<div class=\"e-con-inner\">\n\t\t<div class=\"elementor-element elementor-element-b4d218d e-con-full e-flex e-con e-child\" data-id=\"b4d218d\" data-element_type=\"container\" data-e-type=\"container\">\n\t\t\t\t<div class=\"elementor-element elementor-element-c976e03 elementor-widget elementor-widget-heading\" data-id=\"c976e03\" data-element_type=\"widget\" data-e-type=\"widget\" data-widget_type=\"heading.default\">\n\t\t\t\t<div class=\"elementor-widget-container\">\n\t\t\t\t\t<h1 class=\"elementor-heading-title elementor-size-default\">Kontakt<\/h1>\t\t\t\t<\/div>\n\t\t\t\t<\/div>\n\t\t\t\t<div class=\"elementor-element elementor-element-17919ed elementor-widget elementor-widget-text-editor\" data-id=\"17919ed\" data-element_type=\"widget\" data-e-type=\"widget\" data-widget_type=\"text-editor.default\">\n\t\t\t\t<div class=\"elementor-widget-container\">\n\t\t\t\t\t\t\t\t\t<p>Vielen Dank f\u00fcr Ihren Besuch auf uggabuggaslot.com. Wir sind hier, um Ihnen bei allen Fragen oder Anliegen zu helfen, die Sie \u00fcber unsere Spielautomaten oder andere Casino-bezogene Themen haben k\u00f6nnten.<\/p><p>Wenn Sie schnelle Hilfe ben\u00f6tigen, senden Sie uns bitte eine E-Mail an:<br \/><a style=\"color: white;\" href=\"mailto:info@uggabuggaslot.com\">info@uggabuggaslot.com<\/a><\/p><p>Unser engagiertes Team ist bestrebt, alle Anfragen so schnell wie m\u00f6glich zu beantworten. Wir sind bestrebt, einen hervorragenden Kundenservice zu bieten und Ihr Online-Spielerlebnis zu verbessern.<\/p><p>Z\u00f6gern Sie nicht, uns zu kontaktieren - wir freuen uns darauf, von Ihnen zu h\u00f6ren und Ihnen dabei zu helfen, Ihre Zeit bei Ugga Bugga Slot angenehm und lohnend zu gestalten!<\/p>\t\t\t\t\t\t\t\t<\/div>\n\t\t\t\t<\/div>\n\t\t\t\t<\/div>\n\t\t\t\t\t<\/div>\n\t\t\t\t<\/div>\n\t\t\t\t<\/div>","protected":false},"excerpt":{"rendered":"<p>Kontakt Wir danken Ihnen f\u00fcr Ihren Besuch auf uggabuggaslot.com. Wir sind hier, um Ihnen bei allen Fragen oder Anliegen zu helfen, die Sie zu unseren Spielautomaten oder anderen casinobezogenen Themen haben k\u00f6nnten. Wenn Sie schnelle Hilfe ben\u00f6tigen, senden Sie uns bitte eine E-Mail an at:info@uggabuggaslot.com. Unser engagiertes Team ist bestrebt, alle Anfragen so schnell wie m\u00f6glich zu beantworten. Wir sind bestrebt, einen exzellenten Kundenservice zu bieten [...]<\/p>","protected":false},"author":1,"featured_media":1224,"parent":0,"menu_order":0,"comment_status":"closed","ping_status":"closed","template":"","meta":{"footnotes":""},"class_list":["post-1347","page","type-page","status-publish","has-post-thumbnail","hentry"],"blocksy_meta":{"has_hero_section":"disabled","styles_descriptor":{"styles":{"desktop":"","tablet":"","mobile":""},"google_fonts":[],"version":6}},"yoast_head":"<!-- This site is optimized with the Yoast SEO plugin v27.5 - https:\/\/yoast.com\/product\/yoast-seo-wordpress\/ -->\n<title>Contact Us - UggaBugga Slot<\/title>\n<meta name=\"description\" content=\"Contact with our service UggaBugga Slot!\" \/>\n<meta name=\"robots\" content=\"index, follow, max-snippet:-1, max-image-preview:large, max-video-preview:-1\" \/>\n<link rel=\"canonical\" href=\"https:\/\/uggabuggaslot.com\/de\/contact-us\/\" \/>\n<meta property=\"og:locale\" content=\"de_DE\" \/>\n<meta property=\"og:type\" content=\"article\" \/>\n<meta property=\"og:title\" content=\"Contact Us - UggaBugga Slot\" \/>\n<meta property=\"og:description\" content=\"Contact with our service UggaBugga Slot!\" \/>\n<meta property=\"og:url\" content=\"https:\/\/uggabuggaslot.com\/de\/contact-us\/\" \/>\n<meta property=\"og:site_name\" content=\"UggaBugga Slot\" \/>\n<meta property=\"article:modified_time\" content=\"2024-08-04T09:25:09+00:00\" \/>\n<meta property=\"og:image\" content=\"https:\/\/uggabuggaslot.com\/wp-content\/uploads\/2024\/07\/unnamed.png\" \/>\n\t<meta property=\"og:image:width\" content=\"1024\" \/>\n\t<meta property=\"og:image:height\" content=\"1024\" \/>\n\t<meta property=\"og:image:type\" content=\"image\/png\" \/>\n<meta name=\"twitter:card\" content=\"summary_large_image\" \/>\n<meta name=\"twitter:label1\" content=\"Gesch\u00e4tzte Lesezeit\" \/>\n\t<meta name=\"twitter:data1\" content=\"1\u00a0Minute\" \/>\n<script type=\"application\/ld+json\" class=\"yoast-schema-graph\">{\"@context\":\"https:\\\/\\\/schema.org\",\"@graph\":[{\"@type\":\"WebPage\",\"@id\":\"https:\\\/\\\/uggabuggaslot.com\\\/contact-us\\\/\",\"url\":\"https:\\\/\\\/uggabuggaslot.com\\\/contact-us\\\/\",\"name\":\"Contact Us - UggaBugga Slot\",\"isPartOf\":{\"@id\":\"https:\\\/\\\/uggabuggaslot.com\\\/#website\"},\"primaryImageOfPage\":{\"@id\":\"https:\\\/\\\/uggabuggaslot.com\\\/contact-us\\\/#primaryimage\"},\"image\":{\"@id\":\"https:\\\/\\\/uggabuggaslot.com\\\/contact-us\\\/#primaryimage\"},\"thumbnailUrl\":\"https:\\\/\\\/uggabuggaslot.com\\\/wp-content\\\/uploads\\\/2024\\\/07\\\/unnamed.png\",\"datePublished\":\"2024-08-04T09:18:05+00:00\",\"dateModified\":\"2024-08-04T09:25:09+00:00\",\"description\":\"Contact with our service UggaBugga Slot!\",\"breadcrumb\":{\"@id\":\"https:\\\/\\\/uggabuggaslot.com\\\/contact-us\\\/#breadcrumb\"},\"inLanguage\":\"de\",\"potentialAction\":[{\"@type\":\"ReadAction\",\"target\":[\"https:\\\/\\\/uggabuggaslot.com\\\/contact-us\\\/\"]}]},{\"@type\":\"ImageObject\",\"inLanguage\":\"de\",\"@id\":\"https:\\\/\\\/uggabuggaslot.com\\\/contact-us\\\/#primaryimage\",\"url\":\"https:\\\/\\\/uggabuggaslot.com\\\/wp-content\\\/uploads\\\/2024\\\/07\\\/unnamed.png\",\"contentUrl\":\"https:\\\/\\\/uggabuggaslot.com\\\/wp-content\\\/uploads\\\/2024\\\/07\\\/unnamed.png\",\"width\":1024,\"height\":1024},{\"@type\":\"BreadcrumbList\",\"@id\":\"https:\\\/\\\/uggabuggaslot.com\\\/contact-us\\\/#breadcrumb\",\"itemListElement\":[{\"@type\":\"ListItem\",\"position\":1,\"name\":\"Home\",\"item\":\"https:\\\/\\\/uggabuggaslot.com\\\/\"},{\"@type\":\"ListItem\",\"position\":2,\"name\":\"Contact Us\"}]},{\"@type\":\"WebSite\",\"@id\":\"https:\\\/\\\/uggabuggaslot.com\\\/#website\",\"url\":\"https:\\\/\\\/uggabuggaslot.com\\\/\",\"name\":\"UggaBugga Slot\",\"description\":\"\",\"publisher\":{\"@id\":\"https:\\\/\\\/uggabuggaslot.com\\\/#organization\"},\"potentialAction\":[{\"@type\":\"SearchAction\",\"target\":{\"@type\":\"EntryPoint\",\"urlTemplate\":\"https:\\\/\\\/uggabuggaslot.com\\\/?s={search_term_string}\"},\"query-input\":{\"@type\":\"PropertyValueSpecification\",\"valueRequired\":true,\"valueName\":\"search_term_string\"}}],\"inLanguage\":\"de\"},{\"@type\":\"Organization\",\"@id\":\"https:\\\/\\\/uggabuggaslot.com\\\/#organization\",\"name\":\"UggaBugga Slot\",\"url\":\"https:\\\/\\\/uggabuggaslot.com\\\/\",\"logo\":{\"@type\":\"ImageObject\",\"inLanguage\":\"de\",\"@id\":\"https:\\\/\\\/uggabuggaslot.com\\\/#\\\/schema\\\/logo\\\/image\\\/\",\"url\":\"https:\\\/\\\/uggabuggaslot.com\\\/wp-content\\\/uploads\\\/2024\\\/07\\\/86f634a4-75e8-4bbb-be51-9defe5c33dad.png\",\"contentUrl\":\"https:\\\/\\\/uggabuggaslot.com\\\/wp-content\\\/uploads\\\/2024\\\/07\\\/86f634a4-75e8-4bbb-be51-9defe5c33dad.png\",\"width\":1024,\"height\":1024,\"caption\":\"UggaBugga Slot\"},\"image\":{\"@id\":\"https:\\\/\\\/uggabuggaslot.com\\\/#\\\/schema\\\/logo\\\/image\\\/\"}}]}<\/script>\n<!-- \/ Yoast SEO plugin. -->","yoast_head_json":{"title":"Contact Us - UggaBugga Slot","description":"Contact with our service UggaBugga Slot!","robots":{"index":"index","follow":"follow","max-snippet":"max-snippet:-1","max-image-preview":"max-image-preview:large","max-video-preview":"max-video-preview:-1"},"canonical":"https:\/\/uggabuggaslot.com\/de\/contact-us\/","og_locale":"de_DE","og_type":"article","og_title":"Contact Us - UggaBugga Slot","og_description":"Contact with our service UggaBugga Slot!","og_url":"https:\/\/uggabuggaslot.com\/de\/contact-us\/","og_site_name":"UggaBugga Slot","article_modified_time":"2024-08-04T09:25:09+00:00","og_image":[{"width":1024,"height":1024,"url":"https:\/\/uggabuggaslot.com\/wp-content\/uploads\/2024\/07\/unnamed.png","type":"image\/png"}],"twitter_card":"summary_large_image","twitter_misc":{"Gesch\u00e4tzte Lesezeit":"1\u00a0Minute"},"schema":{"@context":"https:\/\/schema.org","@graph":[{"@type":"WebPage","@id":"https:\/\/uggabuggaslot.com\/contact-us\/","url":"https:\/\/uggabuggaslot.com\/contact-us\/","name":"Contact Us - UggaBugga Slot","isPartOf":{"@id":"https:\/\/uggabuggaslot.com\/#website"},"primaryImageOfPage":{"@id":"https:\/\/uggabuggaslot.com\/contact-us\/#primaryimage"},"image":{"@id":"https:\/\/uggabuggaslot.com\/contact-us\/#primaryimage"},"thumbnailUrl":"https:\/\/uggabuggaslot.com\/wp-content\/uploads\/2024\/07\/unnamed.png","datePublished":"2024-08-04T09:18:05+00:00","dateModified":"2024-08-04T09:25:09+00:00","description":"Contact with our service UggaBugga Slot!","breadcrumb":{"@id":"https:\/\/uggabuggaslot.com\/contact-us\/#breadcrumb"},"inLanguage":"de","potentialAction":[{"@type":"ReadAction","target":["https:\/\/uggabuggaslot.com\/contact-us\/"]}]},{"@type":"ImageObject","inLanguage":"de","@id":"https:\/\/uggabuggaslot.com\/contact-us\/#primaryimage","url":"https:\/\/uggabuggaslot.com\/wp-content\/uploads\/2024\/07\/unnamed.png","contentUrl":"https:\/\/uggabuggaslot.com\/wp-content\/uploads\/2024\/07\/unnamed.png","width":1024,"height":1024},{"@type":"BreadcrumbList","@id":"https:\/\/uggabuggaslot.com\/contact-us\/#breadcrumb","itemListElement":[{"@type":"ListItem","position":1,"name":"Home","item":"https:\/\/uggabuggaslot.com\/"},{"@type":"ListItem","position":2,"name":"Contact Us"}]},{"@type":"WebSite","@id":"https:\/\/uggabuggaslot.com\/#website","url":"https:\/\/uggabuggaslot.com\/","name":"UggaBugga Slot","description":"","publisher":{"@id":"https:\/\/uggabuggaslot.com\/#organization"},"potentialAction":[{"@type":"SearchAction","target":{"@type":"EntryPoint","urlTemplate":"https:\/\/uggabuggaslot.com\/?s={search_term_string}"},"query-input":{"@type":"PropertyValueSpecification","valueRequired":true,"valueName":"search_term_string"}}],"inLanguage":"de"},{"@type":"Organization","@id":"https:\/\/uggabuggaslot.com\/#organization","name":"UggaBugga Slot","url":"https:\/\/uggabuggaslot.com\/","logo":{"@type":"ImageObject","inLanguage":"de","@id":"https:\/\/uggabuggaslot.com\/#\/schema\/logo\/image\/","url":"https:\/\/uggabuggaslot.com\/wp-content\/uploads\/2024\/07\/86f634a4-75e8-4bbb-be51-9defe5c33dad.png","contentUrl":"https:\/\/uggabuggaslot.com\/wp-content\/uploads\/2024\/07\/86f634a4-75e8-4bbb-be51-9defe5c33dad.png","width":1024,"height":1024,"caption":"UggaBugga Slot"},"image":{"@id":"https:\/\/uggabuggaslot.com\/#\/schema\/logo\/image\/"}}]}},"_links":{"self":[{"href":"https:\/\/uggabuggaslot.com\/de\/wp-json\/wp\/v2\/pages\/1347","targetHints":{"allow":["GET"]}}],"collection":[{"href":"https:\/\/uggabuggaslot.com\/de\/wp-json\/wp\/v2\/pages"}],"about":[{"href":"https:\/\/uggabuggaslot.com\/de\/wp-json\/wp\/v2\/types\/page"}],"author":[{"embeddable":true,"href":"https:\/\/uggabuggaslot.com\/de\/wp-json\/wp\/v2\/users\/1"}],"replies":[{"embeddable":true,"href":"https:\/\/uggabuggaslot.com\/de\/wp-json\/wp\/v2\/comments?post=1347"}],"version-history":[{"count":4,"href":"https:\/\/uggabuggaslot.com\/de\/wp-json\/wp\/v2\/pages\/1347\/revisions"}],"predecessor-version":[{"id":1353,"href":"https:\/\/uggabuggaslot.com\/de\/wp-json\/wp\/v2\/pages\/1347\/revisions\/1353"}],"wp:featuredmedia":[{"embeddable":true,"href":"https:\/\/uggabuggaslot.com\/de\/wp-json\/wp\/v2\/media\/1224"}],"wp:attachment":[{"href":"https:\/\/uggabuggaslot.com\/de\/wp-json\/wp\/v2\/media?parent=1347"}],"curies":[{"name":"wp","href":"https:\/\/api.w.org\/{rel}","templated":true}]}}