{"id":1322,"date":"2024-08-04T08:58:29","date_gmt":"2024-08-04T08:58:29","guid":{"rendered":"https:\/\/uggabuggaslot.com\/?page_id=1322"},"modified":"2024-08-04T09:08:41","modified_gmt":"2024-08-04T09:08:41","slug":"about-us","status":"publish","type":"page","link":"https:\/\/uggabuggaslot.com\/fr\/about-us\/","title":{"rendered":"A propos de nous"},"content":{"rendered":"<div data-elementor-type=\"wp-page\" data-elementor-id=\"1322\" class=\"elementor elementor-1322\">\n\t\t\t\t<div class=\"elementor-element elementor-element-ba299af e-flex e-con-boxed e-con e-parent\" data-id=\"ba299af\" data-element_type=\"container\" data-e-type=\"container\">\n\t\t\t\t\t<div class=\"e-con-inner\">\n\t\t\t\t<div class=\"elementor-element elementor-element-6e381cc elementor-widget elementor-widget-spacer\" data-id=\"6e381cc\" data-element_type=\"widget\" data-e-type=\"widget\" data-widget_type=\"spacer.default\">\n\t\t\t\t<div class=\"elementor-widget-container\">\n\t\t\t\t\t\t\t<div class=\"elementor-spacer\">\n\t\t\t<div class=\"elementor-spacer-inner\"><\/div>\n\t\t<\/div>\n\t\t\t\t\t\t<\/div>\n\t\t\t\t<\/div>\n\t\t\t\t\t<\/div>\n\t\t\t\t<\/div>\n\t\t<div class=\"elementor-element elementor-element-d381f47 e-flex e-con-boxed e-con e-parent\" data-id=\"d381f47\" data-element_type=\"container\" data-e-type=\"container\">\n\t\t\t\t\t<div class=\"e-con-inner\">\n\t\t<div class=\"elementor-element elementor-element-b27e30b e-con-full e-flex e-con e-child\" data-id=\"b27e30b\" data-element_type=\"container\" data-e-type=\"container\">\n\t\t\t\t<div class=\"elementor-element elementor-element-0d03f2d elementor-widget elementor-widget-heading\" data-id=\"0d03f2d\" data-element_type=\"widget\" data-e-type=\"widget\" data-widget_type=\"heading.default\">\n\t\t\t\t<div class=\"elementor-widget-container\">\n\t\t\t\t\t<h1 class=\"elementor-heading-title elementor-size-default\">A propos de nous<\/h1>\t\t\t\t<\/div>\n\t\t\t\t<\/div>\n\t\t\t\t<div class=\"elementor-element elementor-element-9df59e4 elementor-widget elementor-widget-text-editor\" data-id=\"9df59e4\" data-element_type=\"widget\" data-e-type=\"widget\" data-widget_type=\"text-editor.default\">\n\t\t\t\t<div class=\"elementor-widget-container\">\n\t\t\t\t\t\t\t\t\t<p>Bienvenue sur uggabuggaslot.com - votre destination ultime pour tout ce qui concerne le jeu de machine \u00e0 sous Ugga Bugga et d'autres offres de casino en ligne populaires. Nous sommes passionn\u00e9s par la fourniture de revues compl\u00e8tes, de conseils pr\u00e9cieux et d'informations actualis\u00e9es sur le monde palpitant des machines \u00e0 sous en ligne.<br><br>Sur uggabuggaslot.com, nous d\u00e9fendons les jeux en ligne divertissants, \u00e9quitables et responsables. Notre mission est de promouvoir des pratiques de jeu s\u00fbres tout en fournissant des informations pr\u00e9cises et actuelles sur Ugga Bugga et d'autres jeux de machines \u00e0 sous attrayants.<br>Notre \u00e9quipe est compos\u00e9e de professionnels exp\u00e9riment\u00e9s ayant une connaissance approfondie de l'industrie du jeu en ligne. Nous nous engageons \u00e0 vous fournir des revues approfondies et impartiales de Ugga Bugga, ainsi que des strat\u00e9gies pratiques pour am\u00e9liorer votre exp\u00e9rience de jeu et potentiellement augmenter vos chances.<br><br>La transparence et l'int\u00e9grit\u00e9 sont les piliers de nos valeurs. Nous sommes fiers de proposer des avis impartiaux sur Ugga Bugga et d'autres jeux, permettant aux joueurs de prendre des d\u00e9cisions \u00e9clair\u00e9es bas\u00e9es sur des informations fiables.<br>Conscients de l'\u00e9volution rapide des jeux en ligne, nous vous tenons inform\u00e9s des derni\u00e8res nouvelles, des d\u00e9veloppements et des tendances li\u00e9s \u00e0 Ugga Bugga et au paysage plus large des jeux de machines \u00e0 sous. Notre site est votre source de confiance pour rester \u00e0 jour dans cette industrie dynamique.<br>Merci d'avoir choisi uggabuggaslot.com comme guide dans le monde de Ugga Bugga et au-del\u00e0. Nous nous engageons \u00e0 vous fournir les informations dont vous avez besoin pour maximiser vos aventures sur les machines \u00e0 sous en ligne.<\/p>\t\t\t\t\t\t\t\t<\/div>\n\t\t\t\t<\/div>\n\t\t\t\t<\/div>\n\t\t\t\t\t<\/div>\n\t\t\t\t<\/div>\n\t\t\t\t<\/div>","protected":false},"excerpt":{"rendered":"<p>A propos de nous Bienvenue sur uggabuggaslot.com - votre destination ultime pour tout ce qui concerne le jeu de machine \u00e0 sous Ugga Bugga et d'autres offres populaires de casino en ligne. Nous sommes passionn\u00e9s par la fourniture de revues compl\u00e8tes, de conseils pr\u00e9cieux et d'informations actualis\u00e9es sur le monde palpitant des machines \u00e0 sous en ligne. Sur uggabuggaslot.com, nous d\u00e9fendons les jeux en ligne divertissants, \u00e9quitables et responsables. Nos [...]<\/p>","protected":false},"author":1,"featured_media":1224,"parent":0,"menu_order":0,"comment_status":"closed","ping_status":"closed","template":"","meta":{"footnotes":""},"class_list":["post-1322","page","type-page","status-publish","has-post-thumbnail","hentry"],"blocksy_meta":{"has_hero_section":"disabled","styles_descriptor":{"styles":{"desktop":"","tablet":"","mobile":""},"google_fonts":[],"version":6}},"yoast_head":"<!-- This site is optimized with the Yoast SEO plugin v27.5 - https:\/\/yoast.com\/product\/yoast-seo-wordpress\/ -->\n<title>About us - UggaBugga Slot<\/title>\n<meta name=\"description\" content=\"Learn more about UggaBugga Slot!\" \/>\n<meta name=\"robots\" content=\"index, follow, max-snippet:-1, max-image-preview:large, max-video-preview:-1\" \/>\n<link rel=\"canonical\" href=\"https:\/\/uggabuggaslot.com\/fr\/about-us\/\" \/>\n<meta property=\"og:locale\" content=\"fr_FR\" \/>\n<meta property=\"og:type\" content=\"article\" \/>\n<meta property=\"og:title\" content=\"About us - UggaBugga Slot\" \/>\n<meta property=\"og:description\" content=\"Learn more about UggaBugga Slot!\" \/>\n<meta property=\"og:url\" content=\"https:\/\/uggabuggaslot.com\/fr\/about-us\/\" \/>\n<meta property=\"og:site_name\" content=\"UggaBugga Slot\" \/>\n<meta property=\"article:modified_time\" content=\"2024-08-04T09:08:41+00:00\" \/>\n<meta property=\"og:image\" content=\"https:\/\/uggabuggaslot.com\/wp-content\/uploads\/2024\/07\/unnamed.png\" \/>\n\t<meta property=\"og:image:width\" content=\"1024\" \/>\n\t<meta property=\"og:image:height\" content=\"1024\" \/>\n\t<meta property=\"og:image:type\" content=\"image\/png\" \/>\n<meta name=\"twitter:card\" content=\"summary_large_image\" \/>\n<meta name=\"twitter:label1\" content=\"Dur\u00e9e de lecture estim\u00e9e\" \/>\n\t<meta name=\"twitter:data1\" content=\"1 minute\" \/>\n<script type=\"application\/ld+json\" class=\"yoast-schema-graph\">{\"@context\":\"https:\\\/\\\/schema.org\",\"@graph\":[{\"@type\":\"WebPage\",\"@id\":\"https:\\\/\\\/uggabuggaslot.com\\\/about-us\\\/\",\"url\":\"https:\\\/\\\/uggabuggaslot.com\\\/about-us\\\/\",\"name\":\"About us - UggaBugga Slot\",\"isPartOf\":{\"@id\":\"https:\\\/\\\/uggabuggaslot.com\\\/#website\"},\"primaryImageOfPage\":{\"@id\":\"https:\\\/\\\/uggabuggaslot.com\\\/about-us\\\/#primaryimage\"},\"image\":{\"@id\":\"https:\\\/\\\/uggabuggaslot.com\\\/about-us\\\/#primaryimage\"},\"thumbnailUrl\":\"https:\\\/\\\/uggabuggaslot.com\\\/wp-content\\\/uploads\\\/2024\\\/07\\\/unnamed.png\",\"datePublished\":\"2024-08-04T08:58:29+00:00\",\"dateModified\":\"2024-08-04T09:08:41+00:00\",\"description\":\"Learn more about UggaBugga Slot!\",\"breadcrumb\":{\"@id\":\"https:\\\/\\\/uggabuggaslot.com\\\/about-us\\\/#breadcrumb\"},\"inLanguage\":\"fr-FR\",\"potentialAction\":[{\"@type\":\"ReadAction\",\"target\":[\"https:\\\/\\\/uggabuggaslot.com\\\/about-us\\\/\"]}]},{\"@type\":\"ImageObject\",\"inLanguage\":\"fr-FR\",\"@id\":\"https:\\\/\\\/uggabuggaslot.com\\\/about-us\\\/#primaryimage\",\"url\":\"https:\\\/\\\/uggabuggaslot.com\\\/wp-content\\\/uploads\\\/2024\\\/07\\\/unnamed.png\",\"contentUrl\":\"https:\\\/\\\/uggabuggaslot.com\\\/wp-content\\\/uploads\\\/2024\\\/07\\\/unnamed.png\",\"width\":1024,\"height\":1024},{\"@type\":\"BreadcrumbList\",\"@id\":\"https:\\\/\\\/uggabuggaslot.com\\\/about-us\\\/#breadcrumb\",\"itemListElement\":[{\"@type\":\"ListItem\",\"position\":1,\"name\":\"Home\",\"item\":\"https:\\\/\\\/uggabuggaslot.com\\\/\"},{\"@type\":\"ListItem\",\"position\":2,\"name\":\"About us\"}]},{\"@type\":\"WebSite\",\"@id\":\"https:\\\/\\\/uggabuggaslot.com\\\/#website\",\"url\":\"https:\\\/\\\/uggabuggaslot.com\\\/\",\"name\":\"UggaBugga Slot\",\"description\":\"\",\"publisher\":{\"@id\":\"https:\\\/\\\/uggabuggaslot.com\\\/#organization\"},\"potentialAction\":[{\"@type\":\"SearchAction\",\"target\":{\"@type\":\"EntryPoint\",\"urlTemplate\":\"https:\\\/\\\/uggabuggaslot.com\\\/?s={search_term_string}\"},\"query-input\":{\"@type\":\"PropertyValueSpecification\",\"valueRequired\":true,\"valueName\":\"search_term_string\"}}],\"inLanguage\":\"fr-FR\"},{\"@type\":\"Organization\",\"@id\":\"https:\\\/\\\/uggabuggaslot.com\\\/#organization\",\"name\":\"UggaBugga Slot\",\"url\":\"https:\\\/\\\/uggabuggaslot.com\\\/\",\"logo\":{\"@type\":\"ImageObject\",\"inLanguage\":\"fr-FR\",\"@id\":\"https:\\\/\\\/uggabuggaslot.com\\\/#\\\/schema\\\/logo\\\/image\\\/\",\"url\":\"https:\\\/\\\/uggabuggaslot.com\\\/wp-content\\\/uploads\\\/2024\\\/07\\\/86f634a4-75e8-4bbb-be51-9defe5c33dad.png\",\"contentUrl\":\"https:\\\/\\\/uggabuggaslot.com\\\/wp-content\\\/uploads\\\/2024\\\/07\\\/86f634a4-75e8-4bbb-be51-9defe5c33dad.png\",\"width\":1024,\"height\":1024,\"caption\":\"UggaBugga Slot\"},\"image\":{\"@id\":\"https:\\\/\\\/uggabuggaslot.com\\\/#\\\/schema\\\/logo\\\/image\\\/\"}}]}<\/script>\n<!-- \/ Yoast SEO plugin. -->","yoast_head_json":{"title":"About us - UggaBugga Slot","description":"Learn more about UggaBugga Slot!","robots":{"index":"index","follow":"follow","max-snippet":"max-snippet:-1","max-image-preview":"max-image-preview:large","max-video-preview":"max-video-preview:-1"},"canonical":"https:\/\/uggabuggaslot.com\/fr\/about-us\/","og_locale":"fr_FR","og_type":"article","og_title":"About us - UggaBugga Slot","og_description":"Learn more about UggaBugga Slot!","og_url":"https:\/\/uggabuggaslot.com\/fr\/about-us\/","og_site_name":"UggaBugga Slot","article_modified_time":"2024-08-04T09:08:41+00:00","og_image":[{"width":1024,"height":1024,"url":"https:\/\/uggabuggaslot.com\/wp-content\/uploads\/2024\/07\/unnamed.png","type":"image\/png"}],"twitter_card":"summary_large_image","twitter_misc":{"Dur\u00e9e de lecture estim\u00e9e":"1 minute"},"schema":{"@context":"https:\/\/schema.org","@graph":[{"@type":"WebPage","@id":"https:\/\/uggabuggaslot.com\/about-us\/","url":"https:\/\/uggabuggaslot.com\/about-us\/","name":"About us - UggaBugga Slot","isPartOf":{"@id":"https:\/\/uggabuggaslot.com\/#website"},"primaryImageOfPage":{"@id":"https:\/\/uggabuggaslot.com\/about-us\/#primaryimage"},"image":{"@id":"https:\/\/uggabuggaslot.com\/about-us\/#primaryimage"},"thumbnailUrl":"https:\/\/uggabuggaslot.com\/wp-content\/uploads\/2024\/07\/unnamed.png","datePublished":"2024-08-04T08:58:29+00:00","dateModified":"2024-08-04T09:08:41+00:00","description":"Learn more about UggaBugga Slot!","breadcrumb":{"@id":"https:\/\/uggabuggaslot.com\/about-us\/#breadcrumb"},"inLanguage":"fr-FR","potentialAction":[{"@type":"ReadAction","target":["https:\/\/uggabuggaslot.com\/about-us\/"]}]},{"@type":"ImageObject","inLanguage":"fr-FR","@id":"https:\/\/uggabuggaslot.com\/about-us\/#primaryimage","url":"https:\/\/uggabuggaslot.com\/wp-content\/uploads\/2024\/07\/unnamed.png","contentUrl":"https:\/\/uggabuggaslot.com\/wp-content\/uploads\/2024\/07\/unnamed.png","width":1024,"height":1024},{"@type":"BreadcrumbList","@id":"https:\/\/uggabuggaslot.com\/about-us\/#breadcrumb","itemListElement":[{"@type":"ListItem","position":1,"name":"Home","item":"https:\/\/uggabuggaslot.com\/"},{"@type":"ListItem","position":2,"name":"About us"}]},{"@type":"WebSite","@id":"https:\/\/uggabuggaslot.com\/#website","url":"https:\/\/uggabuggaslot.com\/","name":"UggaBugga Slot","description":"","publisher":{"@id":"https:\/\/uggabuggaslot.com\/#organization"},"potentialAction":[{"@type":"SearchAction","target":{"@type":"EntryPoint","urlTemplate":"https:\/\/uggabuggaslot.com\/?s={search_term_string}"},"query-input":{"@type":"PropertyValueSpecification","valueRequired":true,"valueName":"search_term_string"}}],"inLanguage":"fr-FR"},{"@type":"Organization","@id":"https:\/\/uggabuggaslot.com\/#organization","name":"UggaBugga Slot","url":"https:\/\/uggabuggaslot.com\/","logo":{"@type":"ImageObject","inLanguage":"fr-FR","@id":"https:\/\/uggabuggaslot.com\/#\/schema\/logo\/image\/","url":"https:\/\/uggabuggaslot.com\/wp-content\/uploads\/2024\/07\/86f634a4-75e8-4bbb-be51-9defe5c33dad.png","contentUrl":"https:\/\/uggabuggaslot.com\/wp-content\/uploads\/2024\/07\/86f634a4-75e8-4bbb-be51-9defe5c33dad.png","width":1024,"height":1024,"caption":"UggaBugga Slot"},"image":{"@id":"https:\/\/uggabuggaslot.com\/#\/schema\/logo\/image\/"}}]}},"_links":{"self":[{"href":"https:\/\/uggabuggaslot.com\/fr\/wp-json\/wp\/v2\/pages\/1322","targetHints":{"allow":["GET"]}}],"collection":[{"href":"https:\/\/uggabuggaslot.com\/fr\/wp-json\/wp\/v2\/pages"}],"about":[{"href":"https:\/\/uggabuggaslot.com\/fr\/wp-json\/wp\/v2\/types\/page"}],"author":[{"embeddable":true,"href":"https:\/\/uggabuggaslot.com\/fr\/wp-json\/wp\/v2\/users\/1"}],"replies":[{"embeddable":true,"href":"https:\/\/uggabuggaslot.com\/fr\/wp-json\/wp\/v2\/comments?post=1322"}],"version-history":[{"count":14,"href":"https:\/\/uggabuggaslot.com\/fr\/wp-json\/wp\/v2\/pages\/1322\/revisions"}],"predecessor-version":[{"id":1349,"href":"https:\/\/uggabuggaslot.com\/fr\/wp-json\/wp\/v2\/pages\/1322\/revisions\/1349"}],"wp:featuredmedia":[{"embeddable":true,"href":"https:\/\/uggabuggaslot.com\/fr\/wp-json\/wp\/v2\/media\/1224"}],"wp:attachment":[{"href":"https:\/\/uggabuggaslot.com\/fr\/wp-json\/wp\/v2\/media?parent=1322"}],"curies":[{"name":"wp","href":"https:\/\/api.w.org\/{rel}","templated":true}]}}