{"id":1342,"date":"2024-08-04T09:11:34","date_gmt":"2024-08-04T09:11:34","guid":{"rendered":"https:\/\/uggabuggaslot.com\/?page_id=1342"},"modified":"2024-08-04T09:16:14","modified_gmt":"2024-08-04T09:16:14","slug":"private-policy","status":"publish","type":"page","link":"https:\/\/uggabuggaslot.com\/fr\/private-policy\/","title":{"rendered":"Politique priv\u00e9e"},"content":{"rendered":"<div data-elementor-type=\"wp-page\" data-elementor-id=\"1342\" class=\"elementor elementor-1342\">\n\t\t\t\t<div class=\"elementor-element elementor-element-eefe6ef e-flex e-con-boxed e-con e-parent\" data-id=\"eefe6ef\" data-element_type=\"container\" data-e-type=\"container\">\n\t\t\t\t\t<div class=\"e-con-inner\">\n\t\t\t\t<div class=\"elementor-element elementor-element-127fe65 elementor-widget elementor-widget-spacer\" data-id=\"127fe65\" data-element_type=\"widget\" data-e-type=\"widget\" data-widget_type=\"spacer.default\">\n\t\t\t\t<div class=\"elementor-widget-container\">\n\t\t\t\t\t\t\t<div class=\"elementor-spacer\">\n\t\t\t<div class=\"elementor-spacer-inner\"><\/div>\n\t\t<\/div>\n\t\t\t\t\t\t<\/div>\n\t\t\t\t<\/div>\n\t\t\t\t\t<\/div>\n\t\t\t\t<\/div>\n\t\t<div class=\"elementor-element elementor-element-916eaec e-flex e-con-boxed e-con e-parent\" data-id=\"916eaec\" data-element_type=\"container\" data-e-type=\"container\">\n\t\t\t\t\t<div class=\"e-con-inner\">\n\t\t<div class=\"elementor-element elementor-element-f046b72 e-con-full e-flex e-con e-child\" data-id=\"f046b72\" data-element_type=\"container\" data-e-type=\"container\">\n\t\t\t\t<div class=\"elementor-element elementor-element-11dbcae elementor-widget elementor-widget-heading\" data-id=\"11dbcae\" data-element_type=\"widget\" data-e-type=\"widget\" data-widget_type=\"heading.default\">\n\t\t\t\t<div class=\"elementor-widget-container\">\n\t\t\t\t\t<h1 class=\"elementor-heading-title elementor-size-default\">Politique priv\u00e9e<\/h1>\t\t\t\t<\/div>\n\t\t\t\t<\/div>\n\t\t\t\t<div class=\"elementor-element elementor-element-3b58cbb elementor-widget elementor-widget-text-editor\" data-id=\"3b58cbb\" data-element_type=\"widget\" data-e-type=\"widget\" data-widget_type=\"text-editor.default\">\n\t\t\t\t<div class=\"elementor-widget-container\">\n\t\t\t\t\t\t\t\t\t<p>Bienvenue \u00e0 <a style=\"color: white;\" href=\"https:\/\/uggabuggaslot.com\/fr\/\">https:\/\/uggabuggaslot.com\/<\/a>Notre site est une plateforme d\u00e9di\u00e9e \u00e0 la fourniture de contenu informatif sur les jeux d'argent \u00e0 des fins \u00e9ducatives. Notre site est accessible \u00e0 tous pour en savoir plus sur la l\u00e9galit\u00e9, la s\u00e9curit\u00e9 et les aspects responsables des jeux d'argent. Notre contenu est r\u00e9dig\u00e9 par des professionnels chevronn\u00e9s ayant une grande exp\u00e9rience dans le domaine.<\/p><p><b>Conditions d'utilisation<br \/><\/b>En acc\u00e9dant \u00e0 ce site web et en l'utilisant, vous acceptez de respecter les conditions suivantes. Si vous n'\u00eates pas d'accord avec ces conditions, veuillez vous abstenir d'utiliser notre site. Les informations fournies sur ce site le sont \u00e0 titre informatif uniquement. Les propri\u00e9taires, l'\u00e9quipe \u00e9ditoriale et les contributeurs n'assument aucune responsabilit\u00e9 juridique en cas d'utilisation abusive des informations pr\u00e9sent\u00e9es.<\/p><p><b>Droit d'auteur<\/b><br \/>Tous les articles, images, logos et autres contenus du site https:\/\/uggabuggaslot.com\/ sont prot\u00e9g\u00e9s par les lois sur les droits d'auteur. La copie, la modification, la distribution, la publication ou l'utilisation non autoris\u00e9es de tout mat\u00e9riel provenant de ce site sont strictement interdites. Certaines images et certains logos provenant de tiers sont cr\u00e9dit\u00e9s en cons\u00e9quence. Si vous pensez qu'un contenu porte atteinte \u00e0 vos droits d'auteur, veuillez nous contacter pour que nous le supprimions rapidement.<\/p><p><b>Jeu responsable<\/b><br \/>Au <a style=\"color: white;\" href=\"https:\/\/uggabuggaslot.com\/fr\/\">https:\/\/uggabuggaslot.com\/<\/a>Sur notre site, nous plaidons en faveur de pratiques de jeu responsables. Notre plateforme comprend des liens, des conseils et des informations sur les casinos en ligne et les sites de jeu, en mettant l'accent sur un comportement responsable dans les activit\u00e9s de jeu. Nous encourageons le jeu comme une forme de divertissement et d\u00e9conseillons de le consid\u00e9rer comme une solution aux probl\u00e8mes financiers. Les auteurs de notre contenu ne sont pas responsables des pertes subies. Tous les casinos pr\u00e9sent\u00e9s sur notre site sont l\u00e9gaux, s\u00e9curis\u00e9s et garantissent des transactions transparentes \u00e0 tout moment.<\/p><p><b>Politique de confidentialit\u00e9<\/b><br \/><a style=\"color: white;\" href=\"https:\/\/uggabuggaslot.com\/fr\/\">https:\/\/uggabuggaslot.com\/<\/a> respecte la vie priv\u00e9e de ses utilisateurs et se conforme aux lois applicables en mati\u00e8re de protection des donn\u00e9es.<\/p><ul><li>Divulgation volontaire : les utilisateurs ont la possibilit\u00e9 de fournir volontairement des donn\u00e9es personnelles. Toutefois, le fait de ne pas le faire peut restreindre l'acc\u00e8s \u00e0 certaines fonctions du site.<\/li><li>Collecte des donn\u00e9es : Les donn\u00e9es personnelles sont collect\u00e9es par des moyens \u00e9lectroniques et\/ou informatiques dans le respect des exigences l\u00e9gales en mati\u00e8re de s\u00e9curit\u00e9 et de transparence.<\/li><li>Utilisation des donn\u00e9es : Les donn\u00e9es personnelles ne seront utilis\u00e9es qu'aux fins pour lesquelles elles ont \u00e9t\u00e9 fournies et ne seront pas divulgu\u00e9es \u00e0 des tiers sans consentement.<\/li><\/ul><p>Utilisateurs de <a style=\"color: white;\" href=\"https:\/\/uggabuggaslot.com\/fr\/\">https:\/\/uggabuggaslot.com\/<\/a> ont les droits suivants concernant leurs donn\u00e9es personnelles :<\/p><ul><li>Acc\u00e8s : Confirmer si des donn\u00e9es \u00e0 caract\u00e8re personnel sont d\u00e9tenues et obtenir des d\u00e9tails sur leur origine.<\/li><li>Informations : D\u00e9couvrez comment les donn\u00e9es \u00e0 caract\u00e8re personnel sont trait\u00e9es, y compris leur statut, leurs m\u00e9thodes et leurs finalit\u00e9s.<\/li><li>Correction : Demander la modification, la rectification, le blocage ou la suppression de donn\u00e9es \u00e0 caract\u00e8re personnel.<\/li><li>Refus : S'opposer \u00e0 l'utilisation des donn\u00e9es personnelles \u00e0 des fins publicitaires ou promotionnelles.<\/li><\/ul>\t\t\t\t\t\t\t\t<\/div>\n\t\t\t\t<\/div>\n\t\t\t\t<\/div>\n\t\t\t\t\t<\/div>\n\t\t\t\t<\/div>\n\t\t\t\t<\/div>","protected":false},"excerpt":{"rendered":"<p>Private Policy Welcome to https:\/\/uggabuggaslot.com\/, a platform dedicated to providing informative content about gambling for educational purposes. Our site is accessible to all for learning about the legality, security, and responsible aspects of gambling. Our content is authored by seasoned professionals with extensive experience in the field. Terms of UseBy accessing and using this website, [&hellip;]<\/p>","protected":false},"author":1,"featured_media":1224,"parent":0,"menu_order":0,"comment_status":"closed","ping_status":"closed","template":"","meta":{"footnotes":""},"class_list":["post-1342","page","type-page","status-publish","has-post-thumbnail","hentry"],"blocksy_meta":{"has_hero_section":"disabled","styles_descriptor":{"styles":{"desktop":"","tablet":"","mobile":""},"google_fonts":[],"version":6}},"yoast_head":"<!-- This site is optimized with the Yoast SEO plugin v27.4 - https:\/\/yoast.com\/product\/yoast-seo-wordpress\/ -->\n<title>Private Policy - UggaBugga Slot<\/title>\n<meta name=\"description\" content=\"Check Private Policy by UggaBugga Slot!\" \/>\n<meta name=\"robots\" content=\"index, follow, max-snippet:-1, max-image-preview:large, max-video-preview:-1\" \/>\n<link rel=\"canonical\" href=\"https:\/\/uggabuggaslot.com\/fr\/private-policy\/\" \/>\n<meta property=\"og:locale\" content=\"fr_FR\" \/>\n<meta property=\"og:type\" content=\"article\" \/>\n<meta property=\"og:title\" content=\"Private Policy - UggaBugga Slot\" \/>\n<meta property=\"og:description\" content=\"Check Private Policy by UggaBugga Slot!\" \/>\n<meta property=\"og:url\" content=\"https:\/\/uggabuggaslot.com\/fr\/private-policy\/\" \/>\n<meta property=\"og:site_name\" content=\"UggaBugga Slot\" \/>\n<meta property=\"article:modified_time\" content=\"2024-08-04T09:16:14+00:00\" \/>\n<meta property=\"og:image\" content=\"https:\/\/uggabuggaslot.com\/wp-content\/uploads\/2024\/07\/unnamed.png\" \/>\n\t<meta property=\"og:image:width\" content=\"1024\" \/>\n\t<meta property=\"og:image:height\" content=\"1024\" \/>\n\t<meta property=\"og:image:type\" content=\"image\/png\" \/>\n<meta name=\"twitter:card\" content=\"summary_large_image\" \/>\n<meta name=\"twitter:label1\" content=\"Dur\u00e9e de lecture estim\u00e9e\" \/>\n\t<meta name=\"twitter:data1\" content=\"2 minutes\" \/>\n<script type=\"application\/ld+json\" class=\"yoast-schema-graph\">{\"@context\":\"https:\\\/\\\/schema.org\",\"@graph\":[{\"@type\":\"WebPage\",\"@id\":\"https:\\\/\\\/uggabuggaslot.com\\\/private-policy\\\/\",\"url\":\"https:\\\/\\\/uggabuggaslot.com\\\/private-policy\\\/\",\"name\":\"Private Policy - UggaBugga Slot\",\"isPartOf\":{\"@id\":\"https:\\\/\\\/uggabuggaslot.com\\\/#website\"},\"primaryImageOfPage\":{\"@id\":\"https:\\\/\\\/uggabuggaslot.com\\\/private-policy\\\/#primaryimage\"},\"image\":{\"@id\":\"https:\\\/\\\/uggabuggaslot.com\\\/private-policy\\\/#primaryimage\"},\"thumbnailUrl\":\"https:\\\/\\\/uggabuggaslot.com\\\/wp-content\\\/uploads\\\/2024\\\/07\\\/unnamed.png\",\"datePublished\":\"2024-08-04T09:11:34+00:00\",\"dateModified\":\"2024-08-04T09:16:14+00:00\",\"description\":\"Check Private Policy by UggaBugga Slot!\",\"breadcrumb\":{\"@id\":\"https:\\\/\\\/uggabuggaslot.com\\\/private-policy\\\/#breadcrumb\"},\"inLanguage\":\"fr-FR\",\"potentialAction\":[{\"@type\":\"ReadAction\",\"target\":[\"https:\\\/\\\/uggabuggaslot.com\\\/private-policy\\\/\"]}]},{\"@type\":\"ImageObject\",\"inLanguage\":\"fr-FR\",\"@id\":\"https:\\\/\\\/uggabuggaslot.com\\\/private-policy\\\/#primaryimage\",\"url\":\"https:\\\/\\\/uggabuggaslot.com\\\/wp-content\\\/uploads\\\/2024\\\/07\\\/unnamed.png\",\"contentUrl\":\"https:\\\/\\\/uggabuggaslot.com\\\/wp-content\\\/uploads\\\/2024\\\/07\\\/unnamed.png\",\"width\":1024,\"height\":1024},{\"@type\":\"BreadcrumbList\",\"@id\":\"https:\\\/\\\/uggabuggaslot.com\\\/private-policy\\\/#breadcrumb\",\"itemListElement\":[{\"@type\":\"ListItem\",\"position\":1,\"name\":\"Home\",\"item\":\"https:\\\/\\\/uggabuggaslot.com\\\/\"},{\"@type\":\"ListItem\",\"position\":2,\"name\":\"Private Policy\"}]},{\"@type\":\"WebSite\",\"@id\":\"https:\\\/\\\/uggabuggaslot.com\\\/#website\",\"url\":\"https:\\\/\\\/uggabuggaslot.com\\\/\",\"name\":\"UggaBugga Slot\",\"description\":\"\",\"publisher\":{\"@id\":\"https:\\\/\\\/uggabuggaslot.com\\\/#organization\"},\"potentialAction\":[{\"@type\":\"SearchAction\",\"target\":{\"@type\":\"EntryPoint\",\"urlTemplate\":\"https:\\\/\\\/uggabuggaslot.com\\\/?s={search_term_string}\"},\"query-input\":{\"@type\":\"PropertyValueSpecification\",\"valueRequired\":true,\"valueName\":\"search_term_string\"}}],\"inLanguage\":\"fr-FR\"},{\"@type\":\"Organization\",\"@id\":\"https:\\\/\\\/uggabuggaslot.com\\\/#organization\",\"name\":\"UggaBugga Slot\",\"url\":\"https:\\\/\\\/uggabuggaslot.com\\\/\",\"logo\":{\"@type\":\"ImageObject\",\"inLanguage\":\"fr-FR\",\"@id\":\"https:\\\/\\\/uggabuggaslot.com\\\/#\\\/schema\\\/logo\\\/image\\\/\",\"url\":\"https:\\\/\\\/uggabuggaslot.com\\\/wp-content\\\/uploads\\\/2024\\\/07\\\/86f634a4-75e8-4bbb-be51-9defe5c33dad.png\",\"contentUrl\":\"https:\\\/\\\/uggabuggaslot.com\\\/wp-content\\\/uploads\\\/2024\\\/07\\\/86f634a4-75e8-4bbb-be51-9defe5c33dad.png\",\"width\":1024,\"height\":1024,\"caption\":\"UggaBugga Slot\"},\"image\":{\"@id\":\"https:\\\/\\\/uggabuggaslot.com\\\/#\\\/schema\\\/logo\\\/image\\\/\"}}]}<\/script>\n<!-- \/ Yoast SEO plugin. -->","yoast_head_json":{"title":"Private Policy - UggaBugga Slot","description":"Check Private Policy by UggaBugga Slot!","robots":{"index":"index","follow":"follow","max-snippet":"max-snippet:-1","max-image-preview":"max-image-preview:large","max-video-preview":"max-video-preview:-1"},"canonical":"https:\/\/uggabuggaslot.com\/fr\/private-policy\/","og_locale":"fr_FR","og_type":"article","og_title":"Private Policy - UggaBugga Slot","og_description":"Check Private Policy by UggaBugga Slot!","og_url":"https:\/\/uggabuggaslot.com\/fr\/private-policy\/","og_site_name":"UggaBugga Slot","article_modified_time":"2024-08-04T09:16:14+00:00","og_image":[{"width":1024,"height":1024,"url":"https:\/\/uggabuggaslot.com\/wp-content\/uploads\/2024\/07\/unnamed.png","type":"image\/png"}],"twitter_card":"summary_large_image","twitter_misc":{"Dur\u00e9e de lecture estim\u00e9e":"2 minutes"},"schema":{"@context":"https:\/\/schema.org","@graph":[{"@type":"WebPage","@id":"https:\/\/uggabuggaslot.com\/private-policy\/","url":"https:\/\/uggabuggaslot.com\/private-policy\/","name":"Private Policy - UggaBugga Slot","isPartOf":{"@id":"https:\/\/uggabuggaslot.com\/#website"},"primaryImageOfPage":{"@id":"https:\/\/uggabuggaslot.com\/private-policy\/#primaryimage"},"image":{"@id":"https:\/\/uggabuggaslot.com\/private-policy\/#primaryimage"},"thumbnailUrl":"https:\/\/uggabuggaslot.com\/wp-content\/uploads\/2024\/07\/unnamed.png","datePublished":"2024-08-04T09:11:34+00:00","dateModified":"2024-08-04T09:16:14+00:00","description":"Check Private Policy by UggaBugga Slot!","breadcrumb":{"@id":"https:\/\/uggabuggaslot.com\/private-policy\/#breadcrumb"},"inLanguage":"fr-FR","potentialAction":[{"@type":"ReadAction","target":["https:\/\/uggabuggaslot.com\/private-policy\/"]}]},{"@type":"ImageObject","inLanguage":"fr-FR","@id":"https:\/\/uggabuggaslot.com\/private-policy\/#primaryimage","url":"https:\/\/uggabuggaslot.com\/wp-content\/uploads\/2024\/07\/unnamed.png","contentUrl":"https:\/\/uggabuggaslot.com\/wp-content\/uploads\/2024\/07\/unnamed.png","width":1024,"height":1024},{"@type":"BreadcrumbList","@id":"https:\/\/uggabuggaslot.com\/private-policy\/#breadcrumb","itemListElement":[{"@type":"ListItem","position":1,"name":"Home","item":"https:\/\/uggabuggaslot.com\/"},{"@type":"ListItem","position":2,"name":"Private Policy"}]},{"@type":"WebSite","@id":"https:\/\/uggabuggaslot.com\/#website","url":"https:\/\/uggabuggaslot.com\/","name":"UggaBugga Slot","description":"","publisher":{"@id":"https:\/\/uggabuggaslot.com\/#organization"},"potentialAction":[{"@type":"SearchAction","target":{"@type":"EntryPoint","urlTemplate":"https:\/\/uggabuggaslot.com\/?s={search_term_string}"},"query-input":{"@type":"PropertyValueSpecification","valueRequired":true,"valueName":"search_term_string"}}],"inLanguage":"fr-FR"},{"@type":"Organization","@id":"https:\/\/uggabuggaslot.com\/#organization","name":"UggaBugga Slot","url":"https:\/\/uggabuggaslot.com\/","logo":{"@type":"ImageObject","inLanguage":"fr-FR","@id":"https:\/\/uggabuggaslot.com\/#\/schema\/logo\/image\/","url":"https:\/\/uggabuggaslot.com\/wp-content\/uploads\/2024\/07\/86f634a4-75e8-4bbb-be51-9defe5c33dad.png","contentUrl":"https:\/\/uggabuggaslot.com\/wp-content\/uploads\/2024\/07\/86f634a4-75e8-4bbb-be51-9defe5c33dad.png","width":1024,"height":1024,"caption":"UggaBugga Slot"},"image":{"@id":"https:\/\/uggabuggaslot.com\/#\/schema\/logo\/image\/"}}]}},"_links":{"self":[{"href":"https:\/\/uggabuggaslot.com\/fr\/wp-json\/wp\/v2\/pages\/1342","targetHints":{"allow":["GET"]}}],"collection":[{"href":"https:\/\/uggabuggaslot.com\/fr\/wp-json\/wp\/v2\/pages"}],"about":[{"href":"https:\/\/uggabuggaslot.com\/fr\/wp-json\/wp\/v2\/types\/page"}],"author":[{"embeddable":true,"href":"https:\/\/uggabuggaslot.com\/fr\/wp-json\/wp\/v2\/users\/1"}],"replies":[{"embeddable":true,"href":"https:\/\/uggabuggaslot.com\/fr\/wp-json\/wp\/v2\/comments?post=1342"}],"version-history":[{"count":4,"href":"https:\/\/uggabuggaslot.com\/fr\/wp-json\/wp\/v2\/pages\/1342\/revisions"}],"predecessor-version":[{"id":1346,"href":"https:\/\/uggabuggaslot.com\/fr\/wp-json\/wp\/v2\/pages\/1342\/revisions\/1346"}],"wp:featuredmedia":[{"embeddable":true,"href":"https:\/\/uggabuggaslot.com\/fr\/wp-json\/wp\/v2\/media\/1224"}],"wp:attachment":[{"href":"https:\/\/uggabuggaslot.com\/fr\/wp-json\/wp\/v2\/media?parent=1342"}],"curies":[{"name":"wp","href":"https:\/\/api.w.org\/{rel}","templated":true}]}}