{"id":1342,"date":"2024-08-04T09:11:34","date_gmt":"2024-08-04T09:11:34","guid":{"rendered":"https:\/\/uggabuggaslot.com\/?page_id=1342"},"modified":"2024-08-04T09:16:14","modified_gmt":"2024-08-04T09:16:14","slug":"private-policy","status":"publish","type":"page","link":"https:\/\/uggabuggaslot.com\/sv\/private-policy\/","title":{"rendered":"Privat policy"},"content":{"rendered":"<div data-elementor-type=\"wp-page\" data-elementor-id=\"1342\" class=\"elementor elementor-1342\">\n\t\t\t\t<div class=\"elementor-element elementor-element-eefe6ef e-flex e-con-boxed e-con e-parent\" data-id=\"eefe6ef\" data-element_type=\"container\" data-e-type=\"container\">\n\t\t\t\t\t<div class=\"e-con-inner\">\n\t\t\t\t<div class=\"elementor-element elementor-element-127fe65 elementor-widget elementor-widget-spacer\" data-id=\"127fe65\" data-element_type=\"widget\" data-e-type=\"widget\" data-widget_type=\"spacer.default\">\n\t\t\t\t<div class=\"elementor-widget-container\">\n\t\t\t\t\t\t\t<div class=\"elementor-spacer\">\n\t\t\t<div class=\"elementor-spacer-inner\"><\/div>\n\t\t<\/div>\n\t\t\t\t\t\t<\/div>\n\t\t\t\t<\/div>\n\t\t\t\t\t<\/div>\n\t\t\t\t<\/div>\n\t\t<div class=\"elementor-element elementor-element-916eaec e-flex e-con-boxed e-con e-parent\" data-id=\"916eaec\" data-element_type=\"container\" data-e-type=\"container\">\n\t\t\t\t\t<div class=\"e-con-inner\">\n\t\t<div class=\"elementor-element elementor-element-f046b72 e-con-full e-flex e-con e-child\" data-id=\"f046b72\" data-element_type=\"container\" data-e-type=\"container\">\n\t\t\t\t<div class=\"elementor-element elementor-element-11dbcae elementor-widget elementor-widget-heading\" data-id=\"11dbcae\" data-element_type=\"widget\" data-e-type=\"widget\" data-widget_type=\"heading.default\">\n\t\t\t\t<div class=\"elementor-widget-container\">\n\t\t\t\t\t<h1 class=\"elementor-heading-title elementor-size-default\">Privat policy<\/h1>\t\t\t\t<\/div>\n\t\t\t\t<\/div>\n\t\t\t\t<div class=\"elementor-element elementor-element-3b58cbb elementor-widget elementor-widget-text-editor\" data-id=\"3b58cbb\" data-element_type=\"widget\" data-e-type=\"widget\" data-widget_type=\"text-editor.default\">\n\t\t\t\t<div class=\"elementor-widget-container\">\n\t\t\t\t\t\t\t\t\t<p>V\u00e4lkommen till <a style=\"color: white;\" href=\"https:\/\/uggabuggaslot.com\/sv\/\">https:\/\/uggabuggaslot.com\/<\/a>, en plattform som \u00e4r avsedd att tillhandah\u00e5lla informativt inneh\u00e5ll om spel f\u00f6r utbildnings\u00e4ndam\u00e5l. V\u00e5r webbplats \u00e4r tillg\u00e4nglig f\u00f6r alla som vill l\u00e4ra sig mer om laglighet, s\u00e4kerhet och ansvarsfulla aspekter av spel. V\u00e5rt inneh\u00e5ll \u00e4r f\u00f6rfattat av erfarna yrkesverksamma med l\u00e5ng erfarenhet inom omr\u00e5det.<\/p><p><b>Villkor f\u00f6r anv\u00e4ndning<br \/><\/b>Genom att g\u00e5 in p\u00e5 och anv\u00e4nda denna webbplats samtycker du till att f\u00f6lja f\u00f6ljande villkor. Om du inte samtycker till dessa villkor, v\u00e4nligen avst\u00e5 fr\u00e5n att anv\u00e4nda v\u00e5r webbplats. Informationen p\u00e5 denna webbplats \u00e4r endast avsedd f\u00f6r informations\u00e4ndam\u00e5l. \u00c4garna, redaktionen och bidragsgivarna b\u00e4r inget juridiskt ansvar f\u00f6r felaktig anv\u00e4ndning av den information som presenteras.<\/p><p><b>Upphovsr\u00e4tt<\/b><br \/>Alla artiklar, bilder, logotyper och annat inneh\u00e5ll p\u00e5 https:\/\/uggabuggaslot.com\/ skyddas av upphovsr\u00e4ttslagar. Otill\u00e5ten kopiering, modifiering, distribution, publicering eller anv\u00e4ndning av material fr\u00e5n denna webbplats \u00e4r str\u00e4ngt f\u00f6rbjudet. Vissa bilder och logotyper som kommer fr\u00e5n tredje part krediteras i enlighet med detta. Om du anser att n\u00e5got inneh\u00e5ll g\u00f6r intr\u00e5ng i din upphovsr\u00e4tt, v\u00e4nligen kontakta oss s\u00e5 att vi snabbt kan ta bort det.<\/p><p><b>Ansvarsfullt spelande<\/b><br \/>Vid <a style=\"color: white;\" href=\"https:\/\/uggabuggaslot.com\/sv\/\">https:\/\/uggabuggaslot.com\/<\/a>Vi f\u00f6respr\u00e5kar ansvarsfulla spelmetoder. V\u00e5r plattform inneh\u00e5ller l\u00e4nkar, tips och information om onlinekasinon och spelsajter, med betoning p\u00e5 ansvarsfullt beteende i spelaktiviteter. Vi fr\u00e4mjar spel som en form av underh\u00e5llning och avr\u00e5der fr\u00e5n att se det som en l\u00f6sning p\u00e5 ekonomiska problem. F\u00f6rfattarna till v\u00e5rt inneh\u00e5ll \u00e4r inte ansvariga f\u00f6r eventuella f\u00f6rluster. Alla kasinon som granskas p\u00e5 v\u00e5r webbplats \u00e4r lagliga, s\u00e4kra och s\u00e4kerst\u00e4ller transparenta transaktioner hela tiden.<\/p><p><b>Integritetspolicy<\/b><br \/><a style=\"color: white;\" href=\"https:\/\/uggabuggaslot.com\/sv\/\">https:\/\/uggabuggaslot.com\/<\/a> respekterar sina anv\u00e4ndares integritet och f\u00f6ljer till\u00e4mpliga lagar om dataskydd.<\/p><ul><li>Frivilligt utl\u00e4mnande: Anv\u00e4ndare har m\u00f6jlighet att l\u00e4mna personuppgifter frivilligt. Underl\u00e5tenhet att g\u00f6ra detta kan dock begr\u00e4nsa tillg\u00e5ngen till vissa funktioner p\u00e5 webbplatsen.<\/li><li>Insamling av uppgifter: Personuppgifter samlas in p\u00e5 elektronisk och\/eller datoriserad v\u00e4g i enlighet med lagstadgade krav p\u00e5 s\u00e4kerhet och \u00f6ppenhet.<\/li><li>Anv\u00e4ndning av data: Personuppgifter kommer endast att anv\u00e4ndas f\u00f6r de \u00e4ndam\u00e5l f\u00f6r vilka de tillhandah\u00f6lls och kommer inte att l\u00e4mnas ut till tredje part utan samtycke.<\/li><\/ul><p>Anv\u00e4ndare av <a style=\"color: white;\" href=\"https:\/\/uggabuggaslot.com\/sv\/\">https:\/\/uggabuggaslot.com\/<\/a> har f\u00f6ljande r\u00e4ttigheter avseende sina personuppgifter:<\/p><ul><li>\u00c5tkomst: Bekr\u00e4fta om personuppgifter sparas och f\u00e5 information om deras ursprung.<\/li><li>Information om oss: L\u00e4s mer om hur personuppgifter behandlas, inklusive status, metoder och syften.<\/li><li>R\u00e4ttelse: Beg\u00e4ra \u00e4ndring, r\u00e4ttelse, blockering eller radering av personuppgifter.<\/li><li>Avst\u00e5 fr\u00e5n att delta: Inv\u00e4nda mot anv\u00e4ndning av personuppgifter f\u00f6r reklam- eller marknadsf\u00f6rings\u00e4ndam\u00e5l.<\/li><\/ul>\t\t\t\t\t\t\t\t<\/div>\n\t\t\t\t<\/div>\n\t\t\t\t<\/div>\n\t\t\t\t\t<\/div>\n\t\t\t\t<\/div>\n\t\t\t\t<\/div>","protected":false},"excerpt":{"rendered":"<p>Privat policy V\u00e4lkommen till https:\/\/uggabuggaslot.com\/, en plattform som \u00e4r avsedd att tillhandah\u00e5lla informativt inneh\u00e5ll om spel i utbildningssyfte. V\u00e5r webbplats \u00e4r tillg\u00e4nglig f\u00f6r alla som vill l\u00e4ra sig mer om laglighet, s\u00e4kerhet och ansvarsfulla aspekter av spelande. V\u00e5rt inneh\u00e5ll \u00e4r f\u00f6rfattat av erfarna yrkesverksamma med l\u00e5ng erfarenhet inom omr\u00e5det. Anv\u00e4ndarvillkorGenom att komma \u00e5t och anv\u00e4nda denna webbplats, [...]<\/p>","protected":false},"author":1,"featured_media":1224,"parent":0,"menu_order":0,"comment_status":"closed","ping_status":"closed","template":"","meta":{"footnotes":""},"class_list":["post-1342","page","type-page","status-publish","has-post-thumbnail","hentry"],"blocksy_meta":{"has_hero_section":"disabled","styles_descriptor":{"styles":{"desktop":"","tablet":"","mobile":""},"google_fonts":[],"version":6}},"yoast_head":"<!-- This site is optimized with the Yoast SEO plugin v27.4 - https:\/\/yoast.com\/product\/yoast-seo-wordpress\/ -->\n<title>Private Policy - UggaBugga Slot<\/title>\n<meta name=\"description\" content=\"Check Private Policy by UggaBugga Slot!\" \/>\n<meta name=\"robots\" content=\"index, follow, max-snippet:-1, max-image-preview:large, max-video-preview:-1\" \/>\n<link rel=\"canonical\" href=\"https:\/\/uggabuggaslot.com\/sv\/private-policy\/\" \/>\n<meta property=\"og:locale\" content=\"sv_SE\" \/>\n<meta property=\"og:type\" content=\"article\" \/>\n<meta property=\"og:title\" content=\"Private Policy - UggaBugga Slot\" \/>\n<meta property=\"og:description\" content=\"Check Private Policy by UggaBugga Slot!\" \/>\n<meta property=\"og:url\" content=\"https:\/\/uggabuggaslot.com\/sv\/private-policy\/\" \/>\n<meta property=\"og:site_name\" content=\"UggaBugga Slot\" \/>\n<meta property=\"article:modified_time\" content=\"2024-08-04T09:16:14+00:00\" \/>\n<meta property=\"og:image\" content=\"https:\/\/uggabuggaslot.com\/wp-content\/uploads\/2024\/07\/unnamed.png\" \/>\n\t<meta property=\"og:image:width\" content=\"1024\" \/>\n\t<meta property=\"og:image:height\" content=\"1024\" \/>\n\t<meta property=\"og:image:type\" content=\"image\/png\" \/>\n<meta name=\"twitter:card\" content=\"summary_large_image\" \/>\n<meta name=\"twitter:label1\" content=\"Ber\u00e4knad l\u00e4stid\" \/>\n\t<meta name=\"twitter:data1\" content=\"2 minuter\" \/>\n<script type=\"application\/ld+json\" class=\"yoast-schema-graph\">{\"@context\":\"https:\\\/\\\/schema.org\",\"@graph\":[{\"@type\":\"WebPage\",\"@id\":\"https:\\\/\\\/uggabuggaslot.com\\\/private-policy\\\/\",\"url\":\"https:\\\/\\\/uggabuggaslot.com\\\/private-policy\\\/\",\"name\":\"Private Policy - UggaBugga Slot\",\"isPartOf\":{\"@id\":\"https:\\\/\\\/uggabuggaslot.com\\\/#website\"},\"primaryImageOfPage\":{\"@id\":\"https:\\\/\\\/uggabuggaslot.com\\\/private-policy\\\/#primaryimage\"},\"image\":{\"@id\":\"https:\\\/\\\/uggabuggaslot.com\\\/private-policy\\\/#primaryimage\"},\"thumbnailUrl\":\"https:\\\/\\\/uggabuggaslot.com\\\/wp-content\\\/uploads\\\/2024\\\/07\\\/unnamed.png\",\"datePublished\":\"2024-08-04T09:11:34+00:00\",\"dateModified\":\"2024-08-04T09:16:14+00:00\",\"description\":\"Check Private Policy by UggaBugga Slot!\",\"breadcrumb\":{\"@id\":\"https:\\\/\\\/uggabuggaslot.com\\\/private-policy\\\/#breadcrumb\"},\"inLanguage\":\"sv-SE\",\"potentialAction\":[{\"@type\":\"ReadAction\",\"target\":[\"https:\\\/\\\/uggabuggaslot.com\\\/private-policy\\\/\"]}]},{\"@type\":\"ImageObject\",\"inLanguage\":\"sv-SE\",\"@id\":\"https:\\\/\\\/uggabuggaslot.com\\\/private-policy\\\/#primaryimage\",\"url\":\"https:\\\/\\\/uggabuggaslot.com\\\/wp-content\\\/uploads\\\/2024\\\/07\\\/unnamed.png\",\"contentUrl\":\"https:\\\/\\\/uggabuggaslot.com\\\/wp-content\\\/uploads\\\/2024\\\/07\\\/unnamed.png\",\"width\":1024,\"height\":1024},{\"@type\":\"BreadcrumbList\",\"@id\":\"https:\\\/\\\/uggabuggaslot.com\\\/private-policy\\\/#breadcrumb\",\"itemListElement\":[{\"@type\":\"ListItem\",\"position\":1,\"name\":\"Home\",\"item\":\"https:\\\/\\\/uggabuggaslot.com\\\/\"},{\"@type\":\"ListItem\",\"position\":2,\"name\":\"Private Policy\"}]},{\"@type\":\"WebSite\",\"@id\":\"https:\\\/\\\/uggabuggaslot.com\\\/#website\",\"url\":\"https:\\\/\\\/uggabuggaslot.com\\\/\",\"name\":\"UggaBugga Slot\",\"description\":\"\",\"publisher\":{\"@id\":\"https:\\\/\\\/uggabuggaslot.com\\\/#organization\"},\"potentialAction\":[{\"@type\":\"SearchAction\",\"target\":{\"@type\":\"EntryPoint\",\"urlTemplate\":\"https:\\\/\\\/uggabuggaslot.com\\\/?s={search_term_string}\"},\"query-input\":{\"@type\":\"PropertyValueSpecification\",\"valueRequired\":true,\"valueName\":\"search_term_string\"}}],\"inLanguage\":\"sv-SE\"},{\"@type\":\"Organization\",\"@id\":\"https:\\\/\\\/uggabuggaslot.com\\\/#organization\",\"name\":\"UggaBugga Slot\",\"url\":\"https:\\\/\\\/uggabuggaslot.com\\\/\",\"logo\":{\"@type\":\"ImageObject\",\"inLanguage\":\"sv-SE\",\"@id\":\"https:\\\/\\\/uggabuggaslot.com\\\/#\\\/schema\\\/logo\\\/image\\\/\",\"url\":\"https:\\\/\\\/uggabuggaslot.com\\\/wp-content\\\/uploads\\\/2024\\\/07\\\/86f634a4-75e8-4bbb-be51-9defe5c33dad.png\",\"contentUrl\":\"https:\\\/\\\/uggabuggaslot.com\\\/wp-content\\\/uploads\\\/2024\\\/07\\\/86f634a4-75e8-4bbb-be51-9defe5c33dad.png\",\"width\":1024,\"height\":1024,\"caption\":\"UggaBugga Slot\"},\"image\":{\"@id\":\"https:\\\/\\\/uggabuggaslot.com\\\/#\\\/schema\\\/logo\\\/image\\\/\"}}]}<\/script>\n<!-- \/ Yoast SEO plugin. -->","yoast_head_json":{"title":"Private Policy - UggaBugga Slot","description":"Check Private Policy by UggaBugga Slot!","robots":{"index":"index","follow":"follow","max-snippet":"max-snippet:-1","max-image-preview":"max-image-preview:large","max-video-preview":"max-video-preview:-1"},"canonical":"https:\/\/uggabuggaslot.com\/sv\/private-policy\/","og_locale":"sv_SE","og_type":"article","og_title":"Private Policy - UggaBugga Slot","og_description":"Check Private Policy by UggaBugga Slot!","og_url":"https:\/\/uggabuggaslot.com\/sv\/private-policy\/","og_site_name":"UggaBugga Slot","article_modified_time":"2024-08-04T09:16:14+00:00","og_image":[{"width":1024,"height":1024,"url":"https:\/\/uggabuggaslot.com\/wp-content\/uploads\/2024\/07\/unnamed.png","type":"image\/png"}],"twitter_card":"summary_large_image","twitter_misc":{"Ber\u00e4knad l\u00e4stid":"2 minuter"},"schema":{"@context":"https:\/\/schema.org","@graph":[{"@type":"WebPage","@id":"https:\/\/uggabuggaslot.com\/private-policy\/","url":"https:\/\/uggabuggaslot.com\/private-policy\/","name":"Private Policy - UggaBugga Slot","isPartOf":{"@id":"https:\/\/uggabuggaslot.com\/#website"},"primaryImageOfPage":{"@id":"https:\/\/uggabuggaslot.com\/private-policy\/#primaryimage"},"image":{"@id":"https:\/\/uggabuggaslot.com\/private-policy\/#primaryimage"},"thumbnailUrl":"https:\/\/uggabuggaslot.com\/wp-content\/uploads\/2024\/07\/unnamed.png","datePublished":"2024-08-04T09:11:34+00:00","dateModified":"2024-08-04T09:16:14+00:00","description":"Check Private Policy by UggaBugga Slot!","breadcrumb":{"@id":"https:\/\/uggabuggaslot.com\/private-policy\/#breadcrumb"},"inLanguage":"sv-SE","potentialAction":[{"@type":"ReadAction","target":["https:\/\/uggabuggaslot.com\/private-policy\/"]}]},{"@type":"ImageObject","inLanguage":"sv-SE","@id":"https:\/\/uggabuggaslot.com\/private-policy\/#primaryimage","url":"https:\/\/uggabuggaslot.com\/wp-content\/uploads\/2024\/07\/unnamed.png","contentUrl":"https:\/\/uggabuggaslot.com\/wp-content\/uploads\/2024\/07\/unnamed.png","width":1024,"height":1024},{"@type":"BreadcrumbList","@id":"https:\/\/uggabuggaslot.com\/private-policy\/#breadcrumb","itemListElement":[{"@type":"ListItem","position":1,"name":"Home","item":"https:\/\/uggabuggaslot.com\/"},{"@type":"ListItem","position":2,"name":"Private Policy"}]},{"@type":"WebSite","@id":"https:\/\/uggabuggaslot.com\/#website","url":"https:\/\/uggabuggaslot.com\/","name":"UggaBugga Slot","description":"","publisher":{"@id":"https:\/\/uggabuggaslot.com\/#organization"},"potentialAction":[{"@type":"SearchAction","target":{"@type":"EntryPoint","urlTemplate":"https:\/\/uggabuggaslot.com\/?s={search_term_string}"},"query-input":{"@type":"PropertyValueSpecification","valueRequired":true,"valueName":"search_term_string"}}],"inLanguage":"sv-SE"},{"@type":"Organization","@id":"https:\/\/uggabuggaslot.com\/#organization","name":"UggaBugga Slot","url":"https:\/\/uggabuggaslot.com\/","logo":{"@type":"ImageObject","inLanguage":"sv-SE","@id":"https:\/\/uggabuggaslot.com\/#\/schema\/logo\/image\/","url":"https:\/\/uggabuggaslot.com\/wp-content\/uploads\/2024\/07\/86f634a4-75e8-4bbb-be51-9defe5c33dad.png","contentUrl":"https:\/\/uggabuggaslot.com\/wp-content\/uploads\/2024\/07\/86f634a4-75e8-4bbb-be51-9defe5c33dad.png","width":1024,"height":1024,"caption":"UggaBugga Slot"},"image":{"@id":"https:\/\/uggabuggaslot.com\/#\/schema\/logo\/image\/"}}]}},"_links":{"self":[{"href":"https:\/\/uggabuggaslot.com\/sv\/wp-json\/wp\/v2\/pages\/1342","targetHints":{"allow":["GET"]}}],"collection":[{"href":"https:\/\/uggabuggaslot.com\/sv\/wp-json\/wp\/v2\/pages"}],"about":[{"href":"https:\/\/uggabuggaslot.com\/sv\/wp-json\/wp\/v2\/types\/page"}],"author":[{"embeddable":true,"href":"https:\/\/uggabuggaslot.com\/sv\/wp-json\/wp\/v2\/users\/1"}],"replies":[{"embeddable":true,"href":"https:\/\/uggabuggaslot.com\/sv\/wp-json\/wp\/v2\/comments?post=1342"}],"version-history":[{"count":4,"href":"https:\/\/uggabuggaslot.com\/sv\/wp-json\/wp\/v2\/pages\/1342\/revisions"}],"predecessor-version":[{"id":1346,"href":"https:\/\/uggabuggaslot.com\/sv\/wp-json\/wp\/v2\/pages\/1342\/revisions\/1346"}],"wp:featuredmedia":[{"embeddable":true,"href":"https:\/\/uggabuggaslot.com\/sv\/wp-json\/wp\/v2\/media\/1224"}],"wp:attachment":[{"href":"https:\/\/uggabuggaslot.com\/sv\/wp-json\/wp\/v2\/media?parent=1342"}],"curies":[{"name":"wp","href":"https:\/\/api.w.org\/{rel}","templated":true}]}}